{"id":1613,"date":"2013-05-21T07:06:28","date_gmt":"2013-05-21T07:06:28","guid":{"rendered":"http:\/\/www.trustmarkvve.nl\/cms\/?page_id=1613"},"modified":"2020-06-09T10:06:28","modified_gmt":"2020-06-09T10:06:28","slug":"over-ons","status":"publish","type":"page","link":"https:\/\/www.trustmarkvve.nl\/cms\/over-ons\/","title":{"rendered":"Over ons"},"content":{"rendered":"<div class=\"gap\" style=\"height: 30px;\"><\/div>\n<div class=\"one_half\"><link href=\"http:\/\/fonts.googleapis.com\/css?family=Alef&amp;subset=latin,latin-ext,cyrillic,cyrillic-ext,greek-ext,greek,vietnamese\" rel=\"stylesheet\" type=\"text\/css\">\n<div class=\"googlefont\" style=\"font-family:'Alef', serif !important; font-size:25px !important; margin: 0px !important;\">\n<div style=\"color: #289dcc !important;\">Wie zijn wij?<\/div>\n<\/div>\n<p>TrustMark is voor de regio Zwolle het kantoor voor het beheer van Verenigingen van Eigenaren. We vormen een onderdeel van de Complex Beheergroep, die in de provincies Groningen en Drenthe meer dan 80 VvE\u2019s beheert. Het kantoor voor de provincie Overijssel is begin 2013 \u00a0in Zwolle\u00a0geopend.<\/p>\n<p>Onze kracht zit hem in de samenwerking met drie zelfstandige beheerders. Ieder met hun eigen expertise en jarenlange ervaring. Er vindt regelmatig overleg plaats tussen de beheerders uit de Complex Beheergroep. Voor Verenigingen van Eigenaren is continu\u00efteit en stabiel beheer op deze manier verzekerd.<\/p>\n<p>Wanneer u ervoor kiest om het beheer uit te besteden aan TrustMark, dan heeft u \u00e9\u00e9n contactpersoon die alle gewenste gegevens administreert en paraat heeft. Geen groot en log kantoor waar elke discipline een eigen accountmanager of afdeling kent, maar \u00e9\u00e9n aanspreekpunt voor verschillende vragen of klachten. U wordt niet doorverbonden; u kunt bij TrustMark terecht met \u00e9\u00e9n simpel telefoontje of e-mail.<\/p><\/div>\n<div class=\"gap\" style=\"height: 40px;\"><\/div>\n<div class=\"one_half last\">\n<div class=\"description clearfix style-2 \"><link href=\"http:\/\/fonts.googleapis.com\/css?family=Alef&amp;subset=latin,latin-ext,cyrillic,cyrillic-ext,greek-ext,greek,vietnamese\" rel=\"stylesheet\" type=\"text\/css\">\n<div class=\"googlefont\" style=\"font-family:'Alef', serif !important; font-size:16px !important; margin: 0px !important;\">TrustMark is zelfstandig beheerder voor haar eigen VvE\u2019s. De naam TrustMark is een bundeling van disciplines:<\/p>\n<p>\u25cf Trustee is het Engelse woord voor een beheerder van eigendommen,<br \/>\n\u25cf Trust is Engels voor vastgoed,<br \/>\n\u25cf To Trust is vertrouwen in het Engels,<br \/>\n\u25cf En Mark is niet alleen Engels voor Merk,<br \/>\n\u25cf Maar ook de naam van de man achter deze onderneming.<\/p>\n<\/div>\n<\/div>\n<\/div>\n<div class=\"clear\"><\/div>\n<p>TrustMark is bekend in en met de regio Zwolle. Daardoor hebben niet alleen de besturen van Verenigingen van Eigenaren te maken met \u00e9\u00e9n betrokken contactpersoon. Ook bijvoorbeeld makelaars en notarissen kunnen zich wenden tot \u00e9\u00e9n persoon, die hen adequaat kan voorzien van de gevraagde informatie.<br \/>\nE\u00e9n onafhankelijke bestuurder die namens de hele VvE kan besturen en bemiddelen, ook in geval van conflicten en besluiten.<br \/>\nTrustMark werkt met een online administratie, zodat u als bestuurder op elk gewenst moment inzage hebt in de voor u beschikbare onderdelen binnen uw VvE. Elk VvE bestuur krijgt een persoonlijke inlogcode om online inzage te hebben in de financi\u00eble zaken van de eigen VvE of om vragen of storingen online door te geven en na te zien. Dat betekent dat u 24 uur per dag, 7 dagen in de week kennis kunt nemen en kennis kunt delen van de ontwikkelingen rondom uw eigen Vereniging van Eigenaren. Door de kleinschaligheid van TrustMark zult u als VvE bestuur zich thuis voelen bij het bedrijf en weten dat uw belang absoluut gediend wordt. Het gebruik van technische en moderne middelen zorgt er intussen voor dat u optimaal ge\u00efnformeerd blijft.<\/p>\n<link href=\"http:\/\/fonts.googleapis.com\/css?family=Alef&amp;subset=latin,latin-ext,cyrillic,cyrillic-ext,greek-ext,greek,vietnamese\" rel=\"stylesheet\" type=\"text\/css\">\n<div class=\"googlefont\" style=\"font-family:'Alef', serif !important; font-size:22px !important; margin: 0px !important;\">\n<div style=\"color: #289dcc !important;\">Het onderscheidende vermogen van TrustMark voor uw Vereniging van Eigenaren:<\/div>\n<\/div>\n<div class=\"description clearfix style-1\"><link href=\"http:\/\/fonts.googleapis.com\/css?family=Alef&amp;subset=latin,latin-ext,cyrillic,cyrillic-ext,greek-ext,greek,vietnamese\" rel=\"stylesheet\" type=\"text\/css\">\n<div class=\"googlefont\" style=\"font-family:'Alef', serif !important; font-size:16px !important; margin: 0px !important;\">\n\u25cf Onderdeel van een bestaande beheergroep met jarenlange ervaring en expertise,<br \/>\n\u25cf 1 contactpersoon,<br \/>\n\u25cf Korte communicatielijnen,<br \/>\n\u25cf Gebruikmaking van professionele middelen,<br \/>\n\u25cf Regionale en persoonlijke betrokkenheid,<br \/>\n\u25cf 24\/7 bereikbaar en inzage op elk gewenst moment.\n<\/div>\n<\/div>\n","protected":false},"excerpt":{"rendered":"<p>Wie zijn wij? TrustMark is voor de regio Zwolle het kantoor voor het beheer van Verenigingen van Eigenaren. We vormen een onderdeel van de Complex Beheergroep, die in de provincies\u2026 <a href=\"https:\/\/www.trustmarkvve.nl\/cms\/over-ons\/\" class=\"read-more-link\">read more &rarr;<\/a><\/p>\n","protected":false},"author":1,"featured_media":0,"parent":0,"menu_order":0,"comment_status":"closed","ping_status":"closed","template":"page-fullwidth.php","meta":{"footnotes":""},"class_list":["post-1613","page","type-page","status-publish","hentry"],"_links":{"self":[{"href":"https:\/\/www.trustmarkvve.nl\/cms\/wp-json\/wp\/v2\/pages\/1613","targetHints":{"allow":["GET"]}}],"collection":[{"href":"https:\/\/www.trustmarkvve.nl\/cms\/wp-json\/wp\/v2\/pages"}],"about":[{"href":"https:\/\/www.trustmarkvve.nl\/cms\/wp-json\/wp\/v2\/types\/page"}],"author":[{"embeddable":true,"href":"https:\/\/www.trustmarkvve.nl\/cms\/wp-json\/wp\/v2\/users\/1"}],"replies":[{"embeddable":true,"href":"https:\/\/www.trustmarkvve.nl\/cms\/wp-json\/wp\/v2\/comments?post=1613"}],"version-history":[{"count":2,"href":"https:\/\/www.trustmarkvve.nl\/cms\/wp-json\/wp\/v2\/pages\/1613\/revisions"}],"predecessor-version":[{"id":2722,"href":"https:\/\/www.trustmarkvve.nl\/cms\/wp-json\/wp\/v2\/pages\/1613\/revisions\/2722"}],"wp:attachment":[{"href":"https:\/\/www.trustmarkvve.nl\/cms\/wp-json\/wp\/v2\/media?parent=1613"}],"curies":[{"name":"wp","href":"https:\/\/api.w.org\/{rel}","templated":true}]}}